{"id":90,"date":"2020-03-20T01:25:56","date_gmt":"2020-03-20T01:25:56","guid":{"rendered":"http:\/\/www.isaaltus.com\/altus\/?page_id=90"},"modified":"2026-04-17T21:20:11","modified_gmt":"2026-04-17T21:20:11","slug":"servicios","status":"publish","type":"page","link":"https:\/\/www.isaaltus.com\/altus\/servicios\/","title":{"rendered":"SERVICIOS"},"content":{"rendered":"\n<div class=\"wp-block-columns alignfull is-layout-flex wp-container-core-columns-is-layout-9d6595d7 wp-block-columns-is-layout-flex\">\n<div class=\"wp-block-column is-layout-flow wp-block-column-is-layout-flow\">\n<figure class=\"wp-block-image size-large\"><a href=\"http:\/\/www.isaaltus.com\/servicios\/ingenieria\"><img loading=\"lazy\" decoding=\"async\" width=\"950\" height=\"464\" src=\"https:\/\/www.isaaltus.com\/altus\/wp-content\/uploads\/2020\/04\/INGENIER\u00cdA.jpg\" alt=\"\" class=\"wp-image-380\" title=\"\" srcset=\"https:\/\/www.isaaltus.com\/altus\/wp-content\/uploads\/2020\/04\/INGENIER\u00cdA.jpg 950w, https:\/\/www.isaaltus.com\/altus\/wp-content\/uploads\/2020\/04\/INGENIER\u00cdA-600x293.jpg 600w, https:\/\/www.isaaltus.com\/altus\/wp-content\/uploads\/2020\/04\/INGENIER\u00cdA-300x147.jpg 300w, https:\/\/www.isaaltus.com\/altus\/wp-content\/uploads\/2020\/04\/INGENIER\u00cdA-768x375.jpg 768w\" sizes=\"auto, (max-width: 950px) 100vw, 950px\" \/><\/a><\/figure>\n\n\n\n<p class=\"has-text-align-center has-medium-font-size\"><a href=\"http:\/\/www.isaaltus.com\/servicios\/ingenieria\">Ingenier\u00eda<\/a><\/p>\n<\/div>\n\n\n\n<div class=\"wp-block-column is-layout-flow wp-block-column-is-layout-flow\">\n<figure class=\"wp-block-image size-large\"><a href=\"http:\/\/www.isaaltus.com\/servicios\/protecciondetrampas\"><img loading=\"lazy\" decoding=\"async\" width=\"950\" height=\"464\" src=\"https:\/\/www.isaaltus.com\/altus\/wp-content\/uploads\/2020\/04\/PROTECCI\u00d3N-DE-TRAMPAS.jpg\" alt=\"\" class=\"wp-image-381\" title=\"\" srcset=\"https:\/\/www.isaaltus.com\/altus\/wp-content\/uploads\/2020\/04\/PROTECCI\u00d3N-DE-TRAMPAS.jpg 950w, https:\/\/www.isaaltus.com\/altus\/wp-content\/uploads\/2020\/04\/PROTECCI\u00d3N-DE-TRAMPAS-600x293.jpg 600w, https:\/\/www.isaaltus.com\/altus\/wp-content\/uploads\/2020\/04\/PROTECCI\u00d3N-DE-TRAMPAS-300x147.jpg 300w, https:\/\/www.isaaltus.com\/altus\/wp-content\/uploads\/2020\/04\/PROTECCI\u00d3N-DE-TRAMPAS-768x375.jpg 768w\" sizes=\"auto, (max-width: 950px) 100vw, 950px\" \/><\/a><\/figure>\n\n\n\n<p class=\"has-text-align-center has-medium-font-size\"><a href=\"http:\/\/www.isaaltus.com\/servicios\/protecciondetrampas\">Protecci\u00f3n de Trampas<\/a><\/p>\n<\/div>\n\n\n\n<div class=\"wp-block-column is-layout-flow wp-block-column-is-layout-flow\">\n<figure class=\"wp-block-image size-large\"><a href=\"http:\/\/www.isaaltus.com\/servicios\/integracioneinstalacion\"><img loading=\"lazy\" decoding=\"async\" width=\"950\" height=\"464\" src=\"https:\/\/www.isaaltus.com\/altus\/wp-content\/uploads\/2020\/04\/INTEGRACI\u00d3N-E-INSTALACI\u00d3N.jpg\" alt=\"\" class=\"wp-image-382\" title=\"\" srcset=\"https:\/\/www.isaaltus.com\/altus\/wp-content\/uploads\/2020\/04\/INTEGRACI\u00d3N-E-INSTALACI\u00d3N.jpg 950w, https:\/\/www.isaaltus.com\/altus\/wp-content\/uploads\/2020\/04\/INTEGRACI\u00d3N-E-INSTALACI\u00d3N-600x293.jpg 600w, https:\/\/www.isaaltus.com\/altus\/wp-content\/uploads\/2020\/04\/INTEGRACI\u00d3N-E-INSTALACI\u00d3N-300x147.jpg 300w, https:\/\/www.isaaltus.com\/altus\/wp-content\/uploads\/2020\/04\/INTEGRACI\u00d3N-E-INSTALACI\u00d3N-768x375.jpg 768w\" sizes=\"auto, (max-width: 950px) 100vw, 950px\" \/><\/a><\/figure>\n\n\n\n<p class=\"has-text-align-center has-medium-font-size\"><a href=\"http:\/\/www.isaaltus.com\/servicios\/integracioneinstalacion\">Integraci\u00f3n e Instalaci\u00f3n<\/a><\/p>\n<\/div>\n<\/div>\n\n\n\n<div class=\"wp-block-columns alignfull is-layout-flex wp-container-core-columns-is-layout-9d6595d7 wp-block-columns-is-layout-flex\">\n<div class=\"wp-block-column is-layout-flow wp-block-column-is-layout-flow\">\n<figure class=\"wp-block-image size-large\"><a href=\"http:\/\/www.isaaltus.com\/servicios\/ingenieria\"><img loading=\"lazy\" decoding=\"async\" width=\"950\" height=\"464\" src=\"https:\/\/www.isaaltus.com\/altus\/wp-content\/uploads\/2020\/04\/MANTENIMIENTO.jpg\" alt=\"\" class=\"wp-image-384\" title=\"\" srcset=\"https:\/\/www.isaaltus.com\/altus\/wp-content\/uploads\/2020\/04\/MANTENIMIENTO.jpg 950w, https:\/\/www.isaaltus.com\/altus\/wp-content\/uploads\/2020\/04\/MANTENIMIENTO-600x293.jpg 600w, https:\/\/www.isaaltus.com\/altus\/wp-content\/uploads\/2020\/04\/MANTENIMIENTO-300x147.jpg 300w, https:\/\/www.isaaltus.com\/altus\/wp-content\/uploads\/2020\/04\/MANTENIMIENTO-768x375.jpg 768w\" sizes=\"auto, (max-width: 950px) 100vw, 950px\" \/><\/a><\/figure>\n\n\n\n<p class=\"has-text-align-center has-medium-font-size\"><a href=\"http:\/\/www.isaaltus.com\/servicios\/ingenieria\">Mantenimiento<\/a><\/p>\n<\/div>\n\n\n\n<div class=\"wp-block-column is-layout-flow wp-block-column-is-layout-flow\">\n<figure class=\"wp-block-image size-large\"><a href=\"http:\/\/www.isaaltus.com\/servicios\/protecciondetrampas\"><img loading=\"lazy\" decoding=\"async\" width=\"950\" height=\"464\" src=\"https:\/\/www.isaaltus.com\/altus\/wp-content\/uploads\/2020\/04\/RECUBRIMIENTO-1.jpg\" alt=\"\" class=\"wp-image-383\" title=\"\" srcset=\"https:\/\/www.isaaltus.com\/altus\/wp-content\/uploads\/2020\/04\/RECUBRIMIENTO-1.jpg 950w, https:\/\/www.isaaltus.com\/altus\/wp-content\/uploads\/2020\/04\/RECUBRIMIENTO-1-600x293.jpg 600w, https:\/\/www.isaaltus.com\/altus\/wp-content\/uploads\/2020\/04\/RECUBRIMIENTO-1-300x147.jpg 300w, https:\/\/www.isaaltus.com\/altus\/wp-content\/uploads\/2020\/04\/RECUBRIMIENTO-1-768x375.jpg 768w\" sizes=\"auto, (max-width: 950px) 100vw, 950px\" \/><\/a><\/figure>\n\n\n\n<p class=\"has-text-align-center has-medium-font-size\"><a href=\"http:\/\/www.isaaltus.com\/servicios\/protecciondetrampas\">Recubrimiento<\/a><\/p>\n<\/div>\n\n\n\n<div class=\"wp-block-column is-layout-flow wp-block-column-is-layout-flow\">\n<figure class=\"wp-block-image size-large\"><a href=\"http:\/\/www.isaaltus.com\/servicios\/integracioneinstalacion\"><img loading=\"lazy\" decoding=\"async\" width=\"950\" height=\"464\" src=\"https:\/\/www.isaaltus.com\/altus\/wp-content\/uploads\/2020\/04\/METALMEC\u00c1NICA.jpg\" alt=\"\" class=\"wp-image-385\" title=\"\" srcset=\"https:\/\/www.isaaltus.com\/altus\/wp-content\/uploads\/2020\/04\/METALMEC\u00c1NICA.jpg 950w, https:\/\/www.isaaltus.com\/altus\/wp-content\/uploads\/2020\/04\/METALMEC\u00c1NICA-600x293.jpg 600w, https:\/\/www.isaaltus.com\/altus\/wp-content\/uploads\/2020\/04\/METALMEC\u00c1NICA-300x147.jpg 300w, https:\/\/www.isaaltus.com\/altus\/wp-content\/uploads\/2020\/04\/METALMEC\u00c1NICA-768x375.jpg 768w\" sizes=\"auto, (max-width: 950px) 100vw, 950px\" \/><\/a><\/figure>\n\n\n\n<p class=\"has-text-align-center has-medium-font-size\"><a href=\"http:\/\/www.isaaltus.com\/servicios\/integracioneinstalacion\">Metalmec\u00e1nica<\/a><\/p>\n<\/div>\n<\/div>\n\n\n\n<div class=\"wp-block-columns alignfull are-vertically-aligned-bottom is-layout-flex wp-container-core-columns-is-layout-9d6595d7 wp-block-columns-is-layout-flex\">\n<div class=\"wp-block-column is-vertically-aligned-bottom is-layout-flow wp-block-column-is-layout-flow\">\n<figure class=\"wp-block-image size-large\"><a href=\"http:\/\/www.isaaltus.com\/servicios\/obracivil\"><img loading=\"lazy\" decoding=\"async\" width=\"950\" height=\"464\" src=\"https:\/\/www.isaaltus.com\/altus\/wp-content\/uploads\/2020\/04\/OBRA-CIV\u00cdL.jpg\" alt=\"\" class=\"wp-image-386\" title=\"\" srcset=\"https:\/\/www.isaaltus.com\/altus\/wp-content\/uploads\/2020\/04\/OBRA-CIV\u00cdL.jpg 950w, https:\/\/www.isaaltus.com\/altus\/wp-content\/uploads\/2020\/04\/OBRA-CIV\u00cdL-600x293.jpg 600w, https:\/\/www.isaaltus.com\/altus\/wp-content\/uploads\/2020\/04\/OBRA-CIV\u00cdL-300x147.jpg 300w, https:\/\/www.isaaltus.com\/altus\/wp-content\/uploads\/2020\/04\/OBRA-CIV\u00cdL-768x375.jpg 768w\" sizes=\"auto, (max-width: 950px) 100vw, 950px\" \/><\/a><\/figure>\n\n\n\n<p class=\"has-text-align-center has-medium-font-size\"><a href=\"http:\/\/www.isaaltus.com\/servicios\/obracivil\">Obra Civil<\/a><\/p>\n<\/div>\n\n\n\n<div class=\"wp-block-column is-vertically-aligned-bottom is-layout-flow wp-block-column-is-layout-flow\">\n<figure class=\"wp-block-image size-large\"><a href=\"http:\/\/www.isaaltus.com\/servicios\/protecciondetrampas\"><img loading=\"lazy\" decoding=\"async\" width=\"950\" height=\"464\" src=\"https:\/\/www.isaaltus.com\/altus\/wp-content\/uploads\/2020\/04\/OBRA-EL\u00c9CTRICA.jpg\" alt=\"\" class=\"wp-image-387\" title=\"\" srcset=\"https:\/\/www.isaaltus.com\/altus\/wp-content\/uploads\/2020\/04\/OBRA-EL\u00c9CTRICA.jpg 950w, https:\/\/www.isaaltus.com\/altus\/wp-content\/uploads\/2020\/04\/OBRA-EL\u00c9CTRICA-600x293.jpg 600w, https:\/\/www.isaaltus.com\/altus\/wp-content\/uploads\/2020\/04\/OBRA-EL\u00c9CTRICA-300x147.jpg 300w, https:\/\/www.isaaltus.com\/altus\/wp-content\/uploads\/2020\/04\/OBRA-EL\u00c9CTRICA-768x375.jpg 768w\" sizes=\"auto, (max-width: 950px) 100vw, 950px\" \/><\/a><\/figure>\n\n\n\n<p class=\"has-text-align-center has-medium-font-size\"><a href=\"http:\/\/www.isaaltus.com\/servicios\/obraelectrica\">Obra El\u00e9ctrica<\/a><\/p>\n<\/div>\n\n\n\n<div class=\"wp-block-column is-layout-flow wp-block-column-is-layout-flow\">\n<figure class=\"wp-block-image size-large\"><a href=\"http:\/\/www.isaaltus.com\/servicios\/infraestructuracarreterayvial\"><img loading=\"lazy\" decoding=\"async\" width=\"950\" height=\"464\" src=\"https:\/\/www.isaaltus.com\/altus\/wp-content\/uploads\/2020\/04\/INFRAESTRUCTURA-CARRETERA-Y-VIAL.jpg\" alt=\"\" class=\"wp-image-388\" title=\"\" srcset=\"https:\/\/www.isaaltus.com\/altus\/wp-content\/uploads\/2020\/04\/INFRAESTRUCTURA-CARRETERA-Y-VIAL.jpg 950w, https:\/\/www.isaaltus.com\/altus\/wp-content\/uploads\/2020\/04\/INFRAESTRUCTURA-CARRETERA-Y-VIAL-600x293.jpg 600w, https:\/\/www.isaaltus.com\/altus\/wp-content\/uploads\/2020\/04\/INFRAESTRUCTURA-CARRETERA-Y-VIAL-300x147.jpg 300w, https:\/\/www.isaaltus.com\/altus\/wp-content\/uploads\/2020\/04\/INFRAESTRUCTURA-CARRETERA-Y-VIAL-768x375.jpg 768w\" sizes=\"auto, (max-width: 950px) 100vw, 950px\" \/><\/a><\/figure>\n\n\n\n<p class=\"has-text-align-center has-medium-font-size\"><a href=\"http:\/\/www.isaaltus.com\/servicios\/infraestructuracarreterayvial\">Infraestructura Carretera y Vial<\/a><\/p>\n<\/div>\n<\/div>\n","protected":false},"excerpt":{"rendered":"<p>Ingenier\u00eda Protecci\u00f3n de Trampas Integraci\u00f3n e Instalaci\u00f3n Mantenimiento Recubrimiento Metalmec\u00e1nica Obra Civil Obra El\u00e9ctrica Infraestructura Carretera y Vial<\/p>\n","protected":false},"author":1,"featured_media":0,"parent":0,"menu_order":0,"comment_status":"closed","ping_status":"closed","template":"","meta":{"footnotes":""},"class_list":["post-90","page","type-page","status-publish","hentry"],"_links":{"self":[{"href":"https:\/\/www.isaaltus.com\/altus\/wp-json\/wp\/v2\/pages\/90","targetHints":{"allow":["GET"]}}],"collection":[{"href":"https:\/\/www.isaaltus.com\/altus\/wp-json\/wp\/v2\/pages"}],"about":[{"href":"https:\/\/www.isaaltus.com\/altus\/wp-json\/wp\/v2\/types\/page"}],"author":[{"embeddable":true,"href":"https:\/\/www.isaaltus.com\/altus\/wp-json\/wp\/v2\/users\/1"}],"replies":[{"embeddable":true,"href":"https:\/\/www.isaaltus.com\/altus\/wp-json\/wp\/v2\/comments?post=90"}],"version-history":[{"count":6,"href":"https:\/\/www.isaaltus.com\/altus\/wp-json\/wp\/v2\/pages\/90\/revisions"}],"predecessor-version":[{"id":389,"href":"https:\/\/www.isaaltus.com\/altus\/wp-json\/wp\/v2\/pages\/90\/revisions\/389"}],"wp:attachment":[{"href":"https:\/\/www.isaaltus.com\/altus\/wp-json\/wp\/v2\/media?parent=90"}],"curies":[{"name":"wp","href":"https:\/\/api.w.org\/{rel}","templated":true}]}}