{"id":875,"date":"2025-07-30T20:03:14","date_gmt":"2025-07-30T20:03:14","guid":{"rendered":"https:\/\/www.isaaltus.com\/altus\/?page_id=875"},"modified":"2025-07-30T20:06:59","modified_gmt":"2025-07-30T20:06:59","slug":"sistema-de-recaudo","status":"publish","type":"page","link":"https:\/\/www.isaaltus.com\/altus\/sistema-de-recaudo\/","title":{"rendered":"Sistema de Recaudo"},"content":{"rendered":"\t\t<div data-elementor-type=\"wp-page\" data-elementor-id=\"875\" class=\"elementor elementor-875\">\n\t\t\t\t\t\t\t\t\t<section class=\"elementor-section elementor-top-section elementor-element elementor-element-c01e237 elementor-section-boxed elementor-section-height-default elementor-section-height-default\" data-id=\"c01e237\" data-element_type=\"section\">\n\t\t\t\t\t\t<div class=\"elementor-container elementor-column-gap-default\">\n\t\t\t\t\t<div class=\"elementor-column elementor-col-50 elementor-top-column elementor-element elementor-element-b33dc93\" data-id=\"b33dc93\" data-element_type=\"column\">\n\t\t\t<div class=\"elementor-widget-wrap elementor-element-populated\">\n\t\t\t\t\t\t\t\t<div class=\"elementor-element elementor-element-2093575 elementor-widget elementor-widget-image\" data-id=\"2093575\" data-element_type=\"widget\" data-widget_type=\"image.default\">\n\t\t\t\t<div class=\"elementor-widget-container\">\n\t\t\t\t\t\t\t\t\t\t\t\t\t\t\t<img loading=\"lazy\" decoding=\"async\" width=\"800\" height=\"391\" src=\"https:\/\/www.isaaltus.com\/altus\/wp-content\/uploads\/2025\/07\/sistema-de-recaudos.png\" class=\"attachment-large size-large wp-image-877\" alt=\"\" srcset=\"https:\/\/www.isaaltus.com\/altus\/wp-content\/uploads\/2025\/07\/sistema-de-recaudos.png 950w, https:\/\/www.isaaltus.com\/altus\/wp-content\/uploads\/2025\/07\/sistema-de-recaudos-300x147.png 300w, https:\/\/www.isaaltus.com\/altus\/wp-content\/uploads\/2025\/07\/sistema-de-recaudos-768x375.png 768w, https:\/\/www.isaaltus.com\/altus\/wp-content\/uploads\/2025\/07\/sistema-de-recaudos-600x293.png 600w\" sizes=\"auto, (max-width: 800px) 100vw, 800px\" title=\"\">\t\t\t\t\t\t\t\t\t\t\t\t\t\t\t<\/div>\n\t\t\t\t<\/div>\n\t\t\t\t\t<\/div>\n\t\t<\/div>\n\t\t\t\t<div class=\"elementor-column elementor-col-50 elementor-top-column elementor-element elementor-element-ba88d5a\" data-id=\"ba88d5a\" data-element_type=\"column\">\n\t\t\t<div class=\"elementor-widget-wrap elementor-element-populated\">\n\t\t\t\t\t\t\t\t<div class=\"elementor-element elementor-element-0515a30 elementor-widget elementor-widget-text-editor\" data-id=\"0515a30\" data-element_type=\"widget\" data-widget_type=\"text-editor.default\">\n\t\t\t\t<div class=\"elementor-widget-container\">\n\t\t\t\t\t\t\t<h3>Sistema de Recaudo<\/h3>\n<p style=\"text-align: justify;\">Un sistema de recaudo en el \u00e1mbito ferroviario es la soluci\u00f3n integral para la gesti\u00f3n de pagos y accesos de los usuarios al transporte. Su implementaci\u00f3n es clave para optimizar la operaci\u00f3n, garantizar la seguridad de los ingresos y mejorar la experiencia del pasajero.<\/p>\n\n<ul style=\"text-align: justify;\">\n<li>M\u00e1quinas de Recarga: Dispositivos automatizados donde los usuarios pueden adquirir o recargar sus tarjetas de viaje, ofreciendo comodidad y rapidez.<\/li>\n<li>Lectores de Tarjeta: Equipos instalados en los puntos de acceso (tornos o validadores) que leen las tarjetas de los pasajeros, permitiendo el ingreso al sistema ferroviario.<\/li>\n<li>Software de Gesti\u00f3n: Plataforma centralizada que administra todas las transacciones, datos de usuarios, tarifas y reportes, esencial para la operaci\u00f3n eficiente del sistema.<\/li>\n<li>Plataforma de Recarga: La infraestructura tecnol\u00f3gica que soporta las operaciones de recarga, ya sea en m\u00e1quinas f\u00edsicas, en l\u00ednea o a trav\u00e9s de otros canales.<\/li>\n<\/ul>\t\t\t\t\t\t<\/div>\n\t\t\t\t<\/div>\n\t\t\t\t\t<\/div>\n\t\t<\/div>\n\t\t\t\t\t\t\t<\/div>\n\t\t<\/section>\n\t\t\t\t\t\t\t<\/div>\n\t\t","protected":false},"excerpt":{"rendered":"<p>Sistema de Recaudo Un sistema de recaudo en el \u00e1mbito ferroviario es la soluci\u00f3n integral para la gesti\u00f3n de pagos y accesos de los usuarios al transporte. Su implementaci\u00f3n es &#8230;<\/p>\n","protected":false},"author":1,"featured_media":0,"parent":0,"menu_order":0,"comment_status":"closed","ping_status":"closed","template":"","meta":{"footnotes":""},"class_list":["post-875","page","type-page","status-publish","hentry"],"_links":{"self":[{"href":"https:\/\/www.isaaltus.com\/altus\/wp-json\/wp\/v2\/pages\/875","targetHints":{"allow":["GET"]}}],"collection":[{"href":"https:\/\/www.isaaltus.com\/altus\/wp-json\/wp\/v2\/pages"}],"about":[{"href":"https:\/\/www.isaaltus.com\/altus\/wp-json\/wp\/v2\/types\/page"}],"author":[{"embeddable":true,"href":"https:\/\/www.isaaltus.com\/altus\/wp-json\/wp\/v2\/users\/1"}],"replies":[{"embeddable":true,"href":"https:\/\/www.isaaltus.com\/altus\/wp-json\/wp\/v2\/comments?post=875"}],"version-history":[{"count":4,"href":"https:\/\/www.isaaltus.com\/altus\/wp-json\/wp\/v2\/pages\/875\/revisions"}],"predecessor-version":[{"id":880,"href":"https:\/\/www.isaaltus.com\/altus\/wp-json\/wp\/v2\/pages\/875\/revisions\/880"}],"wp:attachment":[{"href":"https:\/\/www.isaaltus.com\/altus\/wp-json\/wp\/v2\/media?parent=875"}],"curies":[{"name":"wp","href":"https:\/\/api.w.org\/{rel}","templated":true}]}}