{"id":775,"date":"2025-07-30T17:46:58","date_gmt":"2025-07-30T17:46:58","guid":{"rendered":"https:\/\/www.isaaltus.com\/altus\/?page_id=775"},"modified":"2025-07-30T19:59:53","modified_gmt":"2025-07-30T19:59:53","slug":"traccion-electrica","status":"publish","type":"page","link":"https:\/\/www.isaaltus.com\/altus\/traccion-electrica\/","title":{"rendered":"Tracci\u00f3n El\u00e9ctrica"},"content":{"rendered":"\t\t<div data-elementor-type=\"wp-page\" data-elementor-id=\"775\" class=\"elementor elementor-775\">\n\t\t\t\t\t\t\t\t\t<section class=\"elementor-section elementor-top-section elementor-element elementor-element-b5afa7f elementor-section-boxed elementor-section-height-default elementor-section-height-default\" data-id=\"b5afa7f\" data-element_type=\"section\">\n\t\t\t\t\t\t<div class=\"elementor-container elementor-column-gap-default\">\n\t\t\t\t\t<div class=\"elementor-column elementor-col-50 elementor-top-column elementor-element elementor-element-7b2adfe\" data-id=\"7b2adfe\" data-element_type=\"column\">\n\t\t\t<div class=\"elementor-widget-wrap elementor-element-populated\">\n\t\t\t\t\t\t\t\t<div class=\"elementor-element elementor-element-18f96af elementor-widget elementor-widget-image\" data-id=\"18f96af\" data-element_type=\"widget\" data-widget_type=\"image.default\">\n\t\t\t\t<div class=\"elementor-widget-container\">\n\t\t\t\t\t\t\t\t\t\t\t\t\t\t\t<img loading=\"lazy\" decoding=\"async\" width=\"800\" height=\"391\" src=\"https:\/\/www.isaaltus.com\/altus\/wp-content\/uploads\/2025\/07\/traccion_electrica.png\" class=\"attachment-large size-large wp-image-832\" alt=\"\" srcset=\"https:\/\/www.isaaltus.com\/altus\/wp-content\/uploads\/2025\/07\/traccion_electrica.png 950w, https:\/\/www.isaaltus.com\/altus\/wp-content\/uploads\/2025\/07\/traccion_electrica-300x147.png 300w, https:\/\/www.isaaltus.com\/altus\/wp-content\/uploads\/2025\/07\/traccion_electrica-768x375.png 768w, https:\/\/www.isaaltus.com\/altus\/wp-content\/uploads\/2025\/07\/traccion_electrica-600x293.png 600w\" sizes=\"auto, (max-width: 800px) 100vw, 800px\" title=\"\">\t\t\t\t\t\t\t\t\t\t\t\t\t\t\t<\/div>\n\t\t\t\t<\/div>\n\t\t\t\t\t<\/div>\n\t\t<\/div>\n\t\t\t\t<div class=\"elementor-column elementor-col-50 elementor-top-column elementor-element elementor-element-5d7bf58\" data-id=\"5d7bf58\" data-element_type=\"column\">\n\t\t\t<div class=\"elementor-widget-wrap elementor-element-populated\">\n\t\t\t\t\t\t\t\t<div class=\"elementor-element elementor-element-ffa49a8 elementor-widget elementor-widget-text-editor\" data-id=\"ffa49a8\" data-element_type=\"widget\" data-widget_type=\"text-editor.default\">\n\t\t\t\t<div class=\"elementor-widget-container\">\n\t\t\t\t\t\t\t<h3>Tracci\u00f3n El\u00e9ctrica<\/h3>\n<p style=\"text-align: justify;\">La tracci\u00f3n el\u00e9ctrica es el sistema que impulsa los trenes mediante energ\u00eda el\u00e9ctrica, en contraste con los motores di\u00e9sel. Este sistema es clave para una operaci\u00f3n ferroviaria m\u00e1s limpia, eficiente y potente.<\/p>\n<ul style=\"text-align: justify;\">\n \t<li>Suministro Completo para Subestaciones de Tracci\u00f3n: Te facilitamos todo lo necesario para la subestaci\u00f3n de tracci\u00f3n que tu proyecto requiera. Nos encargamos de proveer todos los elementos para que tu sistema de tracci\u00f3n el\u00e9ctrica funcione sin problemas.<\/li>\n \t<li>Corriente Alterna (CA): Manejamos sistemas de 1 x 25 kV y 2 x 25 kV. Estos son est\u00e1ndares comunes para la tracci\u00f3n el\u00e9ctrica de trenes de alta velocidad y larga distancia, ofreciendo una transmisi\u00f3n eficiente de energ\u00eda.<\/li>\n \t<li>Corriente Continua (CC): Suministramos equipos para sistemas de 750V, 1,500V y 3,000V. La corriente continua es frecuentemente usada en sistemas de metro, tranv\u00edas y trenes suburbanos, por su flexibilidad en distancias m\u00e1s cortas y paradas frecuentes.<\/li>\n<\/ul>\t\t\t\t\t\t<\/div>\n\t\t\t\t<\/div>\n\t\t\t\t\t<\/div>\n\t\t<\/div>\n\t\t\t\t\t\t\t<\/div>\n\t\t<\/section>\n\t\t\t\t\t\t\t<\/div>\n\t\t","protected":false},"excerpt":{"rendered":"<p>Tracci\u00f3n El\u00e9ctrica La tracci\u00f3n el\u00e9ctrica es el sistema que impulsa los trenes mediante energ\u00eda el\u00e9ctrica, en contraste con los motores di\u00e9sel. Este sistema es clave para una operaci\u00f3n ferroviaria m\u00e1s &#8230;<\/p>\n","protected":false},"author":1,"featured_media":0,"parent":0,"menu_order":0,"comment_status":"closed","ping_status":"closed","template":"","meta":{"footnotes":""},"class_list":["post-775","page","type-page","status-publish","hentry"],"_links":{"self":[{"href":"https:\/\/www.isaaltus.com\/altus\/wp-json\/wp\/v2\/pages\/775","targetHints":{"allow":["GET"]}}],"collection":[{"href":"https:\/\/www.isaaltus.com\/altus\/wp-json\/wp\/v2\/pages"}],"about":[{"href":"https:\/\/www.isaaltus.com\/altus\/wp-json\/wp\/v2\/types\/page"}],"author":[{"embeddable":true,"href":"https:\/\/www.isaaltus.com\/altus\/wp-json\/wp\/v2\/users\/1"}],"replies":[{"embeddable":true,"href":"https:\/\/www.isaaltus.com\/altus\/wp-json\/wp\/v2\/comments?post=775"}],"version-history":[{"count":10,"href":"https:\/\/www.isaaltus.com\/altus\/wp-json\/wp\/v2\/pages\/775\/revisions"}],"predecessor-version":[{"id":874,"href":"https:\/\/www.isaaltus.com\/altus\/wp-json\/wp\/v2\/pages\/775\/revisions\/874"}],"wp:attachment":[{"href":"https:\/\/www.isaaltus.com\/altus\/wp-json\/wp\/v2\/media?parent=775"}],"curies":[{"name":"wp","href":"https:\/\/api.w.org\/{rel}","templated":true}]}}