{"id":770,"date":"2025-07-30T17:41:21","date_gmt":"2025-07-30T17:41:21","guid":{"rendered":"https:\/\/www.isaaltus.com\/altus\/?page_id=770"},"modified":"2025-07-30T19:57:41","modified_gmt":"2025-07-30T19:57:41","slug":"sistemas-de-telecomunicaciones","status":"publish","type":"page","link":"https:\/\/www.isaaltus.com\/altus\/sistemas-de-telecomunicaciones\/","title":{"rendered":"Sistemas de Telecomunicaciones"},"content":{"rendered":"\t\t<div data-elementor-type=\"wp-page\" data-elementor-id=\"770\" class=\"elementor elementor-770\">\n\t\t\t\t\t\t\t\t\t<section class=\"elementor-section elementor-top-section elementor-element elementor-element-b80193d elementor-section-boxed elementor-section-height-default elementor-section-height-default\" data-id=\"b80193d\" data-element_type=\"section\">\n\t\t\t\t\t\t<div class=\"elementor-container elementor-column-gap-default\">\n\t\t\t\t\t<div class=\"elementor-column elementor-col-50 elementor-top-column elementor-element elementor-element-efcc2f2\" data-id=\"efcc2f2\" data-element_type=\"column\">\n\t\t\t<div class=\"elementor-widget-wrap elementor-element-populated\">\n\t\t\t\t\t\t\t\t<div class=\"elementor-element elementor-element-a1352e0 elementor-widget elementor-widget-image\" data-id=\"a1352e0\" data-element_type=\"widget\" data-widget_type=\"image.default\">\n\t\t\t\t<div class=\"elementor-widget-container\">\n\t\t\t\t\t\t\t\t\t\t\t\t\t\t\t<img loading=\"lazy\" decoding=\"async\" width=\"800\" height=\"391\" src=\"https:\/\/www.isaaltus.com\/altus\/wp-content\/uploads\/2025\/06\/telecomunicaciones-ferroviarias.png\" class=\"attachment-large size-large wp-image-729\" alt=\"\" srcset=\"https:\/\/www.isaaltus.com\/altus\/wp-content\/uploads\/2025\/06\/telecomunicaciones-ferroviarias.png 950w, https:\/\/www.isaaltus.com\/altus\/wp-content\/uploads\/2025\/06\/telecomunicaciones-ferroviarias-300x147.png 300w, https:\/\/www.isaaltus.com\/altus\/wp-content\/uploads\/2025\/06\/telecomunicaciones-ferroviarias-768x375.png 768w, https:\/\/www.isaaltus.com\/altus\/wp-content\/uploads\/2025\/06\/telecomunicaciones-ferroviarias-600x293.png 600w\" sizes=\"auto, (max-width: 800px) 100vw, 800px\" title=\"\">\t\t\t\t\t\t\t\t\t\t\t\t\t\t\t<\/div>\n\t\t\t\t<\/div>\n\t\t\t\t\t<\/div>\n\t\t<\/div>\n\t\t\t\t<div class=\"elementor-column elementor-col-50 elementor-top-column elementor-element elementor-element-3698ea2\" data-id=\"3698ea2\" data-element_type=\"column\">\n\t\t\t<div class=\"elementor-widget-wrap elementor-element-populated\">\n\t\t\t\t\t\t\t\t<div class=\"elementor-element elementor-element-1be5b11 elementor-widget elementor-widget-text-editor\" data-id=\"1be5b11\" data-element_type=\"widget\" data-widget_type=\"text-editor.default\">\n\t\t\t\t<div class=\"elementor-widget-container\">\n\t\t\t\t\t\t\t<h3>Telecomunicaciones<\/h3>\n<p style=\"text-align: justify;\">Las telecomunicaciones son la columna vertebral de la operaci\u00f3n ferroviaria moderna, asegurando la comunicaci\u00f3n y el intercambio de datos esenciales para la seguridad, eficiencia y gesti\u00f3n del tr\u00e1fico.<\/p>\n<ul style=\"text-align: justify;\">\n \t<li>Telemando de tr\u00e1fico, seguridad, estaciones y energ\u00eda: Control remoto y monitoreo de todos los aspectos operativos del ferrocarril.<\/li>\n \t<li>TETRA: Sistema de radio digital profesional para comunicaciones cr\u00edticas y seguras entre el personal.<\/li>\n \t<li>Telecomunicaciones fijas: Redes de fibra \u00f3ptica y cable para transmisi\u00f3n de datos y voz a lo largo de la v\u00eda.<\/li>\n \t<li>Videovigilancia: Sistemas de c\u00e1maras para monitorear estaciones, v\u00edas y seguridad.<\/li>\n \t<li>Control de accesos: Gesti\u00f3n de la entrada y salida de personal y veh\u00edculos en \u00e1reas restringidas.<\/li>\n \t<li>Sonorizaci\u00f3n\/Voceo: Sistemas de megafon\u00eda para anuncios e informaci\u00f3n en estaciones y trenes.<\/li>\n \t<li>Teleindicadores: Pantallas electr\u00f3nicas que muestran informaci\u00f3n a los pasajeros, como horarios y destinos.<\/li>\n \t<li>Telefon\u00eda e interfon\u00eda: Sistemas de comunicaci\u00f3n interna para el personal y emergencias.<\/li>\n \t<li>Cronometr\u00eda: Mantenimiento de una hora precisa y sincronizada en toda la red ferroviaria.<\/li>\n \t<li>Grabaci\u00f3n de audio: Registro de comunicaciones para auditor\u00edas y an\u00e1lisis de incidentes.<\/li>\n \t<li>ISM (Integrated Supervisory and Management System): Plataforma para la gesti\u00f3n centralizada de diversos sistemas ferroviarios.<\/li>\n<\/ul>\t\t\t\t\t\t<\/div>\n\t\t\t\t<\/div>\n\t\t\t\t\t<\/div>\n\t\t<\/div>\n\t\t\t\t\t\t\t<\/div>\n\t\t<\/section>\n\t\t\t\t\t\t\t<\/div>\n\t\t","protected":false},"excerpt":{"rendered":"<p>Telecomunicaciones Las telecomunicaciones son la columna vertebral de la operaci\u00f3n ferroviaria moderna, asegurando la comunicaci\u00f3n y el intercambio de datos esenciales para la seguridad, eficiencia y gesti\u00f3n del tr\u00e1fico. Telemando &#8230;<\/p>\n","protected":false},"author":1,"featured_media":0,"parent":0,"menu_order":0,"comment_status":"closed","ping_status":"closed","template":"","meta":{"footnotes":""},"class_list":["post-770","page","type-page","status-publish","hentry"],"_links":{"self":[{"href":"https:\/\/www.isaaltus.com\/altus\/wp-json\/wp\/v2\/pages\/770","targetHints":{"allow":["GET"]}}],"collection":[{"href":"https:\/\/www.isaaltus.com\/altus\/wp-json\/wp\/v2\/pages"}],"about":[{"href":"https:\/\/www.isaaltus.com\/altus\/wp-json\/wp\/v2\/types\/page"}],"author":[{"embeddable":true,"href":"https:\/\/www.isaaltus.com\/altus\/wp-json\/wp\/v2\/users\/1"}],"replies":[{"embeddable":true,"href":"https:\/\/www.isaaltus.com\/altus\/wp-json\/wp\/v2\/comments?post=770"}],"version-history":[{"count":7,"href":"https:\/\/www.isaaltus.com\/altus\/wp-json\/wp\/v2\/pages\/770\/revisions"}],"predecessor-version":[{"id":871,"href":"https:\/\/www.isaaltus.com\/altus\/wp-json\/wp\/v2\/pages\/770\/revisions\/871"}],"wp:attachment":[{"href":"https:\/\/www.isaaltus.com\/altus\/wp-json\/wp\/v2\/media?parent=770"}],"curies":[{"name":"wp","href":"https:\/\/api.w.org\/{rel}","templated":true}]}}