{"id":765,"date":"2025-07-30T17:36:38","date_gmt":"2025-07-30T17:36:38","guid":{"rendered":"https:\/\/www.isaaltus.com\/altus\/?page_id=765"},"modified":"2025-07-30T19:54:04","modified_gmt":"2025-07-30T19:54:04","slug":"senalizacion-ferroviaria","status":"publish","type":"page","link":"https:\/\/www.isaaltus.com\/altus\/senalizacion-ferroviaria\/","title":{"rendered":"Se\u00f1alizaci\u00f3n Ferroviaria"},"content":{"rendered":"\t\t<div data-elementor-type=\"wp-page\" data-elementor-id=\"765\" class=\"elementor elementor-765\">\n\t\t\t\t\t\t\t\t\t<section class=\"elementor-section elementor-top-section elementor-element elementor-element-03fbc60 elementor-section-boxed elementor-section-height-default elementor-section-height-default\" data-id=\"03fbc60\" data-element_type=\"section\">\n\t\t\t\t\t\t<div class=\"elementor-container elementor-column-gap-default\">\n\t\t\t\t\t<div class=\"elementor-column elementor-col-50 elementor-top-column elementor-element elementor-element-5d2cb69\" data-id=\"5d2cb69\" data-element_type=\"column\">\n\t\t\t<div class=\"elementor-widget-wrap elementor-element-populated\">\n\t\t\t\t\t\t\t\t<div class=\"elementor-element elementor-element-55a3643 elementor-widget elementor-widget-image\" data-id=\"55a3643\" data-element_type=\"widget\" data-widget_type=\"image.default\">\n\t\t\t\t<div class=\"elementor-widget-container\">\n\t\t\t\t\t\t\t\t\t\t\t\t\t\t\t<img loading=\"lazy\" decoding=\"async\" width=\"800\" height=\"391\" src=\"https:\/\/www.isaaltus.com\/altus\/wp-content\/uploads\/2025\/06\/senalizacion-ferroviaria.png\" class=\"attachment-large size-large wp-image-728\" alt=\"\" srcset=\"https:\/\/www.isaaltus.com\/altus\/wp-content\/uploads\/2025\/06\/senalizacion-ferroviaria.png 950w, https:\/\/www.isaaltus.com\/altus\/wp-content\/uploads\/2025\/06\/senalizacion-ferroviaria-300x147.png 300w, https:\/\/www.isaaltus.com\/altus\/wp-content\/uploads\/2025\/06\/senalizacion-ferroviaria-768x375.png 768w, https:\/\/www.isaaltus.com\/altus\/wp-content\/uploads\/2025\/06\/senalizacion-ferroviaria-600x293.png 600w\" sizes=\"auto, (max-width: 800px) 100vw, 800px\" title=\"\">\t\t\t\t\t\t\t\t\t\t\t\t\t\t\t<\/div>\n\t\t\t\t<\/div>\n\t\t\t\t\t<\/div>\n\t\t<\/div>\n\t\t\t\t<div class=\"elementor-column elementor-col-50 elementor-top-column elementor-element elementor-element-a636803\" data-id=\"a636803\" data-element_type=\"column\">\n\t\t\t<div class=\"elementor-widget-wrap elementor-element-populated\">\n\t\t\t\t\t\t\t\t<div class=\"elementor-element elementor-element-a3e9777 elementor-widget elementor-widget-text-editor\" data-id=\"a3e9777\" data-element_type=\"widget\" data-widget_type=\"text-editor.default\">\n\t\t\t\t<div class=\"elementor-widget-container\">\n\t\t\t\t\t\t\t<h3>Se\u00f1alizaci\u00f3n Ferroviaria<\/h3>\n<p style=\"text-align: justify;\">La se\u00f1alizaci\u00f3n ferroviaria es un conjunto de sistemas y dispositivos cruciales para la seguridad y la eficiencia de las operaciones tren. Su objetivo principal es regular el movimiento de los trenes, prevenir colisiones y controlar el tr\u00e1fico en la red ferroviaria.<\/p>\n<ul>\n \t<li>Accionamiento de desv\u00edos: Mecanismos que permiten cambiar la posici\u00f3n de las agujas de un desv\u00edo, dirigiendo los trenes de una v\u00eda a otra. Pueden ser manuales o automatizados.<\/li>\n \t<li>Sem\u00e1foros: Se\u00f1ales luminosas que indican al maquinista si puede avanzar, detenerse o reducir la velocidad, bas\u00e1ndose en la ocupaci\u00f3n de la v\u00eda o la ruta establecida.<\/li>\n \t<li>Contadores de ejes: Dispositivos que detectan el n\u00famero de ejes de un tren al pasar por un punto determinado, utilizados para verificar la ocupaci\u00f3n de un tramo de v\u00eda y la integridad de los trenes.<\/li>\n \t<li>Sistema de control y supervisi\u00f3n: Conjuntos tecnol\u00f3gicos que permiten monitorear y gestionar el tr\u00e1fico ferroviario desde un centro de control, incluyendo la visualizaci\u00f3n de la posici\u00f3n de los trenes, el estado de las se\u00f1ales y los desv\u00edos.<\/li>\n \t<li>Pasos a nivel: Sistemas de se\u00f1alizaci\u00f3n y barreras que protegen la intersecci\u00f3n de la v\u00eda f\u00e9rrea con carreteras o caminos, alertando a los conductores y peatones sobre la aproximaci\u00f3n de un tren.<\/li>\n \t<li>Enclavamiento: Un sistema l\u00f3gico y de seguridad que garantiza que las operaciones (como el cambio de se\u00f1ales y desv\u00edos) se realicen en una secuencia segura y predefinida, impidiendo movimientos contradictorios que podr\u00edan causar accidentes.<\/li>\n \t<li>Sistemas de energ\u00eda: Infraestructura que provee la alimentaci\u00f3n el\u00e9ctrica necesaria para el funcionamiento de todos los componentes de la se\u00f1alizaci\u00f3n, asegurando su operaci\u00f3n continua y fiable.<\/li>\n<\/ul>\t\t\t\t\t\t<\/div>\n\t\t\t\t<\/div>\n\t\t\t\t\t<\/div>\n\t\t<\/div>\n\t\t\t\t\t\t\t<\/div>\n\t\t<\/section>\n\t\t\t\t\t\t\t<\/div>\n\t\t","protected":false},"excerpt":{"rendered":"<p>Se\u00f1alizaci\u00f3n Ferroviaria La se\u00f1alizaci\u00f3n ferroviaria es un conjunto de sistemas y dispositivos cruciales para la seguridad y la eficiencia de las operaciones tren. Su objetivo principal es regular el movimiento &#8230;<\/p>\n","protected":false},"author":1,"featured_media":0,"parent":0,"menu_order":0,"comment_status":"closed","ping_status":"closed","template":"","meta":{"footnotes":""},"class_list":["post-765","page","type-page","status-publish","hentry"],"_links":{"self":[{"href":"https:\/\/www.isaaltus.com\/altus\/wp-json\/wp\/v2\/pages\/765","targetHints":{"allow":["GET"]}}],"collection":[{"href":"https:\/\/www.isaaltus.com\/altus\/wp-json\/wp\/v2\/pages"}],"about":[{"href":"https:\/\/www.isaaltus.com\/altus\/wp-json\/wp\/v2\/types\/page"}],"author":[{"embeddable":true,"href":"https:\/\/www.isaaltus.com\/altus\/wp-json\/wp\/v2\/users\/1"}],"replies":[{"embeddable":true,"href":"https:\/\/www.isaaltus.com\/altus\/wp-json\/wp\/v2\/comments?post=765"}],"version-history":[{"count":7,"href":"https:\/\/www.isaaltus.com\/altus\/wp-json\/wp\/v2\/pages\/765\/revisions"}],"predecessor-version":[{"id":868,"href":"https:\/\/www.isaaltus.com\/altus\/wp-json\/wp\/v2\/pages\/765\/revisions\/868"}],"wp:attachment":[{"href":"https:\/\/www.isaaltus.com\/altus\/wp-json\/wp\/v2\/media?parent=765"}],"curies":[{"name":"wp","href":"https:\/\/api.w.org\/{rel}","templated":true}]}}