{"id":759,"date":"2025-07-30T17:31:45","date_gmt":"2025-07-30T17:31:45","guid":{"rendered":"https:\/\/www.isaaltus.com\/altus\/?page_id=759"},"modified":"2025-07-30T19:33:46","modified_gmt":"2025-07-30T19:33:46","slug":"soldadura-aluminotermica","status":"publish","type":"page","link":"https:\/\/www.isaaltus.com\/altus\/soldadura-aluminotermica\/","title":{"rendered":"Soldadura Aluminot\u00e9rmica"},"content":{"rendered":"\t\t<div data-elementor-type=\"wp-page\" data-elementor-id=\"759\" class=\"elementor elementor-759\">\n\t\t\t\t\t\t\t\t\t<section class=\"elementor-section elementor-top-section elementor-element elementor-element-3f901ee elementor-section-boxed elementor-section-height-default elementor-section-height-default\" data-id=\"3f901ee\" data-element_type=\"section\">\n\t\t\t\t\t\t<div class=\"elementor-container elementor-column-gap-default\">\n\t\t\t\t\t<div class=\"elementor-column elementor-col-50 elementor-top-column elementor-element elementor-element-f6885e6\" data-id=\"f6885e6\" data-element_type=\"column\">\n\t\t\t<div class=\"elementor-widget-wrap elementor-element-populated\">\n\t\t\t\t\t\t\t\t<div class=\"elementor-element elementor-element-f14461b elementor-widget elementor-widget-image\" data-id=\"f14461b\" data-element_type=\"widget\" data-widget_type=\"image.default\">\n\t\t\t\t<div class=\"elementor-widget-container\">\n\t\t\t\t\t\t\t\t\t\t\t\t\t\t\t<img loading=\"lazy\" decoding=\"async\" width=\"800\" height=\"391\" src=\"https:\/\/www.isaaltus.com\/altus\/wp-content\/uploads\/2025\/07\/soldadura_aluminotermica_altus.png\" class=\"attachment-large size-large wp-image-839\" alt=\"\" srcset=\"https:\/\/www.isaaltus.com\/altus\/wp-content\/uploads\/2025\/07\/soldadura_aluminotermica_altus.png 950w, https:\/\/www.isaaltus.com\/altus\/wp-content\/uploads\/2025\/07\/soldadura_aluminotermica_altus-300x147.png 300w, https:\/\/www.isaaltus.com\/altus\/wp-content\/uploads\/2025\/07\/soldadura_aluminotermica_altus-768x375.png 768w, https:\/\/www.isaaltus.com\/altus\/wp-content\/uploads\/2025\/07\/soldadura_aluminotermica_altus-600x293.png 600w\" sizes=\"auto, (max-width: 800px) 100vw, 800px\" title=\"\">\t\t\t\t\t\t\t\t\t\t\t\t\t\t\t<\/div>\n\t\t\t\t<\/div>\n\t\t\t\t\t<\/div>\n\t\t<\/div>\n\t\t\t\t<div class=\"elementor-column elementor-col-50 elementor-top-column elementor-element elementor-element-1f8184d\" data-id=\"1f8184d\" data-element_type=\"column\">\n\t\t\t<div class=\"elementor-widget-wrap elementor-element-populated\">\n\t\t\t\t\t\t\t\t<div class=\"elementor-element elementor-element-58189fd elementor-widget elementor-widget-text-editor\" data-id=\"58189fd\" data-element_type=\"widget\" data-widget_type=\"text-editor.default\">\n\t\t\t\t<div class=\"elementor-widget-container\">\n\t\t\t\t\t\t\t<h3>Soldadura Aluminot\u00e9rmica<\/h3>\n<p style=\"text-align: justify;\">La soldadura aluminot\u00e9rmica es un proceso esencial para crear uniones permanentes y de alta resistencia entre rieles. Este m\u00e9todo, que utiliza una reacci\u00f3n qu\u00edmica exot\u00e9rmica, es crucial para la seguridad y eficiencia del transporte ferroviario.<\/p>\n\n<ul>\n \t<li style=\"text-align: justify;\">Fabricaci\u00f3n a la medida: Desarrollamos la soldadura con las caracter\u00edsticas espec\u00edficas que requiera tu proyecto, asegurando una perfecta compatibilidad con tus rieles y las condiciones operativas.<\/li>\n \t<li style=\"text-align: justify;\">Capacitaci\u00f3n incluida: Proporcionamos entrenamiento a tu personal para garantizar una aplicaci\u00f3n correcta y de la m\u00e1xima calidad, optimizando la durabilidad y el rendimiento de cada uni\u00f3n.<\/li>\n<\/ul>\t\t\t\t\t\t<\/div>\n\t\t\t\t<\/div>\n\t\t\t\t\t<\/div>\n\t\t<\/div>\n\t\t\t\t\t\t\t<\/div>\n\t\t<\/section>\n\t\t\t\t\t\t\t<\/div>\n\t\t","protected":false},"excerpt":{"rendered":"<p>Soldadura Aluminot\u00e9rmica La soldadura aluminot\u00e9rmica es un proceso esencial para crear uniones permanentes y de alta resistencia entre rieles. Este m\u00e9todo, que utiliza una reacci\u00f3n qu\u00edmica exot\u00e9rmica, es crucial para &#8230;<\/p>\n","protected":false},"author":1,"featured_media":0,"parent":0,"menu_order":0,"comment_status":"closed","ping_status":"closed","template":"","meta":{"footnotes":""},"class_list":["post-759","page","type-page","status-publish","hentry"],"_links":{"self":[{"href":"https:\/\/www.isaaltus.com\/altus\/wp-json\/wp\/v2\/pages\/759","targetHints":{"allow":["GET"]}}],"collection":[{"href":"https:\/\/www.isaaltus.com\/altus\/wp-json\/wp\/v2\/pages"}],"about":[{"href":"https:\/\/www.isaaltus.com\/altus\/wp-json\/wp\/v2\/types\/page"}],"author":[{"embeddable":true,"href":"https:\/\/www.isaaltus.com\/altus\/wp-json\/wp\/v2\/users\/1"}],"replies":[{"embeddable":true,"href":"https:\/\/www.isaaltus.com\/altus\/wp-json\/wp\/v2\/comments?post=759"}],"version-history":[{"count":10,"href":"https:\/\/www.isaaltus.com\/altus\/wp-json\/wp\/v2\/pages\/759\/revisions"}],"predecessor-version":[{"id":849,"href":"https:\/\/www.isaaltus.com\/altus\/wp-json\/wp\/v2\/pages\/759\/revisions\/849"}],"wp:attachment":[{"href":"https:\/\/www.isaaltus.com\/altus\/wp-json\/wp\/v2\/media?parent=759"}],"curies":[{"name":"wp","href":"https:\/\/api.w.org\/{rel}","templated":true}]}}