{"id":747,"date":"2025-07-30T17:10:02","date_gmt":"2025-07-30T17:10:02","guid":{"rendered":"https:\/\/www.isaaltus.com\/altus\/?page_id=747"},"modified":"2025-07-30T19:44:41","modified_gmt":"2025-07-30T19:44:41","slug":"elementor-747","status":"publish","type":"page","link":"https:\/\/www.isaaltus.com\/altus\/elementor-747\/","title":{"rendered":"Fijaciones de riel"},"content":{"rendered":"\t\t<div data-elementor-type=\"wp-page\" data-elementor-id=\"747\" class=\"elementor elementor-747\">\n\t\t\t\t\t\t\t\t\t<section class=\"elementor-section elementor-top-section elementor-element elementor-element-c41bdcc elementor-section-boxed elementor-section-height-default elementor-section-height-default\" data-id=\"c41bdcc\" data-element_type=\"section\">\n\t\t\t\t\t\t<div class=\"elementor-container elementor-column-gap-default\">\n\t\t\t\t\t<div class=\"elementor-column elementor-col-50 elementor-top-column elementor-element elementor-element-8e12b32\" data-id=\"8e12b32\" data-element_type=\"column\">\n\t\t\t<div class=\"elementor-widget-wrap elementor-element-populated\">\n\t\t\t\t\t\t\t\t<div class=\"elementor-element elementor-element-c12db49 elementor-widget elementor-widget-image\" data-id=\"c12db49\" data-element_type=\"widget\" data-widget_type=\"image.default\">\n\t\t\t\t<div class=\"elementor-widget-container\">\n\t\t\t\t\t\t\t\t\t\t\t\t\t\t\t<img loading=\"lazy\" decoding=\"async\" width=\"800\" height=\"391\" src=\"https:\/\/www.isaaltus.com\/altus\/wp-content\/uploads\/2025\/06\/fijaciones.png\" class=\"attachment-large size-large wp-image-720\" alt=\"\" srcset=\"https:\/\/www.isaaltus.com\/altus\/wp-content\/uploads\/2025\/06\/fijaciones.png 950w, https:\/\/www.isaaltus.com\/altus\/wp-content\/uploads\/2025\/06\/fijaciones-300x147.png 300w, https:\/\/www.isaaltus.com\/altus\/wp-content\/uploads\/2025\/06\/fijaciones-768x375.png 768w, https:\/\/www.isaaltus.com\/altus\/wp-content\/uploads\/2025\/06\/fijaciones-600x293.png 600w\" sizes=\"auto, (max-width: 800px) 100vw, 800px\" title=\"\">\t\t\t\t\t\t\t\t\t\t\t\t\t\t\t<\/div>\n\t\t\t\t<\/div>\n\t\t\t\t\t<\/div>\n\t\t<\/div>\n\t\t\t\t<div class=\"elementor-column elementor-col-50 elementor-top-column elementor-element elementor-element-8298894\" data-id=\"8298894\" data-element_type=\"column\">\n\t\t\t<div class=\"elementor-widget-wrap elementor-element-populated\">\n\t\t\t\t\t\t\t\t<div class=\"elementor-element elementor-element-5dc3f21 elementor-widget elementor-widget-text-editor\" data-id=\"5dc3f21\" data-element_type=\"widget\" data-widget_type=\"text-editor.default\">\n\t\t\t\t<div class=\"elementor-widget-container\">\n\t\t\t\t\t\t\t<h3>Fijaciones de riel<\/h3>\n<p style=\"text-align: justify;\">Las fijaciones de riel son componentes esenciales que aseguran el riel a las traviesas (durmientes), manteniendo la geometr\u00eda de la v\u00eda y garantizando la seguridad y estabilidad del tren. Son fundamentales para absorber las cargas din\u00e1micas del tr\u00e1fico ferroviario y evitar el movimiento lateral o vertical del riel.<\/p>\n<ul>\n \t<li style=\"text-align: justify;\">Para Media y Alta Velocidad: Dise\u00f1adas espec\u00edficamente para soportar las mayores tensiones y vibraciones generadas por trenes que circulan a altas velocidades, asegurando una fijaci\u00f3n robusta y duradera.<\/li>\n \t<li style=\"text-align: justify;\">Tipo Vossloh: Un sistema de fijaci\u00f3n ampliamente reconocido y utilizado globalmente, conocido por su alta elasticidad y resistencia a la fatiga, lo que lo hace ideal para v\u00edas con tr\u00e1fico intenso y velocidades elevadas.<\/li>\n \t<li style=\"text-align: justify;\">Tipo GN: Otro sistema de fijaci\u00f3n que ofrece soluciones eficientes para diversas aplicaciones ferroviarias, proporcionando una sujeci\u00f3n fiable del riel a la traviesa.<\/li>\n<\/ul>\t\t\t\t\t\t<\/div>\n\t\t\t\t<\/div>\n\t\t\t\t\t<\/div>\n\t\t<\/div>\n\t\t\t\t\t\t\t<\/div>\n\t\t<\/section>\n\t\t\t\t\t\t\t<\/div>\n\t\t","protected":false},"excerpt":{"rendered":"<p>Fijaciones de riel Las fijaciones de riel son componentes esenciales que aseguran el riel a las traviesas (durmientes), manteniendo la geometr\u00eda de la v\u00eda y garantizando la seguridad y estabilidad &#8230;<\/p>\n","protected":false},"author":1,"featured_media":0,"parent":0,"menu_order":0,"comment_status":"closed","ping_status":"closed","template":"","meta":{"footnotes":""},"class_list":["post-747","page","type-page","status-publish","hentry"],"_links":{"self":[{"href":"https:\/\/www.isaaltus.com\/altus\/wp-json\/wp\/v2\/pages\/747","targetHints":{"allow":["GET"]}}],"collection":[{"href":"https:\/\/www.isaaltus.com\/altus\/wp-json\/wp\/v2\/pages"}],"about":[{"href":"https:\/\/www.isaaltus.com\/altus\/wp-json\/wp\/v2\/types\/page"}],"author":[{"embeddable":true,"href":"https:\/\/www.isaaltus.com\/altus\/wp-json\/wp\/v2\/users\/1"}],"replies":[{"embeddable":true,"href":"https:\/\/www.isaaltus.com\/altus\/wp-json\/wp\/v2\/comments?post=747"}],"version-history":[{"count":8,"href":"https:\/\/www.isaaltus.com\/altus\/wp-json\/wp\/v2\/pages\/747\/revisions"}],"predecessor-version":[{"id":859,"href":"https:\/\/www.isaaltus.com\/altus\/wp-json\/wp\/v2\/pages\/747\/revisions\/859"}],"wp:attachment":[{"href":"https:\/\/www.isaaltus.com\/altus\/wp-json\/wp\/v2\/media?parent=747"}],"curies":[{"name":"wp","href":"https:\/\/api.w.org\/{rel}","templated":true}]}}