{"id":676,"date":"2025-06-25T18:29:04","date_gmt":"2025-06-25T18:29:04","guid":{"rendered":"https:\/\/www.isaaltus.com\/altus\/?page_id=676"},"modified":"2026-04-17T19:02:29","modified_gmt":"2026-04-17T19:02:29","slug":"componentes-para-trampas-de-diablos","status":"publish","type":"page","link":"https:\/\/www.isaaltus.com\/altus\/componentes-para-trampas-de-diablos\/","title":{"rendered":"Componentes para Trampas de Diablos"},"content":{"rendered":"\t\t<div data-elementor-type=\"wp-page\" data-elementor-id=\"676\" class=\"elementor elementor-676\">\n\t\t\t\t\t\t\t\t\t<section class=\"elementor-section elementor-top-section elementor-element elementor-element-8d30feb elementor-section-boxed elementor-section-height-default elementor-section-height-default\" data-id=\"8d30feb\" data-element_type=\"section\">\n\t\t\t\t\t\t<div class=\"elementor-container elementor-column-gap-default\">\n\t\t\t\t\t<div class=\"elementor-column elementor-col-50 elementor-top-column elementor-element elementor-element-340efbe\" data-id=\"340efbe\" data-element_type=\"column\">\n\t\t\t<div class=\"elementor-widget-wrap elementor-element-populated\">\n\t\t\t\t\t\t\t\t<div class=\"elementor-element elementor-element-7c3ef57 elementor-widget elementor-widget-image\" data-id=\"7c3ef57\" data-element_type=\"widget\" data-widget_type=\"image.default\">\n\t\t\t\t<div class=\"elementor-widget-container\">\n\t\t\t\t\t\t\t\t\t\t\t\t\t\t\t<img loading=\"lazy\" decoding=\"async\" width=\"800\" height=\"391\" src=\"https:\/\/www.isaaltus.com\/altus\/wp-content\/uploads\/2025\/06\/trampas_diablos.png\" class=\"attachment-large size-large wp-image-678\" alt=\"\" srcset=\"https:\/\/www.isaaltus.com\/altus\/wp-content\/uploads\/2025\/06\/trampas_diablos.png 950w, https:\/\/www.isaaltus.com\/altus\/wp-content\/uploads\/2025\/06\/trampas_diablos-300x147.png 300w, https:\/\/www.isaaltus.com\/altus\/wp-content\/uploads\/2025\/06\/trampas_diablos-768x375.png 768w, https:\/\/www.isaaltus.com\/altus\/wp-content\/uploads\/2025\/06\/trampas_diablos-600x293.png 600w\" sizes=\"auto, (max-width: 800px) 100vw, 800px\" title=\"\">\t\t\t\t\t\t\t\t\t\t\t\t\t\t\t<\/div>\n\t\t\t\t<\/div>\n\t\t\t\t\t<\/div>\n\t\t<\/div>\n\t\t\t\t<div class=\"elementor-column elementor-col-50 elementor-top-column elementor-element elementor-element-e17f6be\" data-id=\"e17f6be\" data-element_type=\"column\">\n\t\t\t<div class=\"elementor-widget-wrap elementor-element-populated\">\n\t\t\t\t\t\t\t\t<div class=\"elementor-element elementor-element-f24ec9e elementor-widget elementor-widget-text-editor\" data-id=\"f24ec9e\" data-element_type=\"widget\" data-widget_type=\"text-editor.default\">\n\t\t\t\t<div class=\"elementor-widget-container\">\n\t\t\t\t\t\t\t<p>Las trampas de diablos, tambi\u00e9n conocidas como lanzadoras y recibidoras de diablos, son equipos esenciales en la industria de hidrocarburos y otros fluidos, utilizados para introducir y recuperar dispositivos llamados \u00abdiablos\u00bb (en ingl\u00e9s, \u00abpigs\u00bb) en las tuber\u00edas. Estos diablos se utilizan para tareas de limpieza, inspecci\u00f3n y separaci\u00f3n de productos.<\/p>\t\t\t\t\t\t<\/div>\n\t\t\t\t<\/div>\n\t\t\t\t\t<\/div>\n\t\t<\/div>\n\t\t\t\t\t\t\t<\/div>\n\t\t<\/section>\n\t\t\t\t\t\t\t<\/div>\n\t\t","protected":false},"excerpt":{"rendered":"<p>Las trampas de diablos, tambi\u00e9n conocidas como lanzadoras y recibidoras de diablos, son equipos esenciales en la industria de hidrocarburos y otros fluidos, utilizados para introducir y recuperar dispositivos llamados &#8230;<\/p>\n","protected":false},"author":1,"featured_media":0,"parent":0,"menu_order":0,"comment_status":"closed","ping_status":"closed","template":"","meta":{"footnotes":""},"class_list":["post-676","page","type-page","status-publish","hentry"],"_links":{"self":[{"href":"https:\/\/www.isaaltus.com\/altus\/wp-json\/wp\/v2\/pages\/676","targetHints":{"allow":["GET"]}}],"collection":[{"href":"https:\/\/www.isaaltus.com\/altus\/wp-json\/wp\/v2\/pages"}],"about":[{"href":"https:\/\/www.isaaltus.com\/altus\/wp-json\/wp\/v2\/types\/page"}],"author":[{"embeddable":true,"href":"https:\/\/www.isaaltus.com\/altus\/wp-json\/wp\/v2\/users\/1"}],"replies":[{"embeddable":true,"href":"https:\/\/www.isaaltus.com\/altus\/wp-json\/wp\/v2\/comments?post=676"}],"version-history":[{"count":4,"href":"https:\/\/www.isaaltus.com\/altus\/wp-json\/wp\/v2\/pages\/676\/revisions"}],"predecessor-version":[{"id":681,"href":"https:\/\/www.isaaltus.com\/altus\/wp-json\/wp\/v2\/pages\/676\/revisions\/681"}],"wp:attachment":[{"href":"https:\/\/www.isaaltus.com\/altus\/wp-json\/wp\/v2\/media?parent=676"}],"curies":[{"name":"wp","href":"https:\/\/api.w.org\/{rel}","templated":true}]}}