{"id":130,"date":"2020-03-20T01:36:59","date_gmt":"2020-03-20T01:36:59","guid":{"rendered":"http:\/\/www.isaaltus.com\/altus\/?page_id=130"},"modified":"2026-04-17T21:15:57","modified_gmt":"2026-04-17T21:15:57","slug":"nosotros","status":"publish","type":"page","link":"https:\/\/www.isaaltus.com\/altus\/nosotros\/","title":{"rendered":"NOSOTROS"},"content":{"rendered":"\t\t<div data-elementor-type=\"wp-page\" data-elementor-id=\"130\" class=\"elementor elementor-130\">\n\t\t\t\t\t\t\t\t\t<section class=\"elementor-section elementor-top-section elementor-element elementor-element-2a35b9ae elementor-section-boxed elementor-section-height-default elementor-section-height-default\" data-id=\"2a35b9ae\" data-element_type=\"section\">\n\t\t\t\t\t\t<div class=\"elementor-container elementor-column-gap-default\">\n\t\t\t\t\t<div class=\"elementor-column elementor-col-100 elementor-top-column elementor-element elementor-element-3bda56dd\" data-id=\"3bda56dd\" data-element_type=\"column\">\n\t\t\t<div class=\"elementor-widget-wrap elementor-element-populated\">\n\t\t\t\t\t\t\t\t<div class=\"elementor-element elementor-element-3c338dbe elementor-widget elementor-widget-text-editor\" data-id=\"3c338dbe\" data-element_type=\"widget\" data-widget_type=\"text-editor.default\">\n\t\t\t\t<div class=\"elementor-widget-container\">\n\t\t\t\t\t\t\t<!-- wp:media-text {\"mediaId\":392,\"mediaLink\":\"https:\/\/www.isaaltus.com\/altus\/nosotros\/attachment\/antecedentes\/\",\"mediaType\":\"image\",\"isStackedOnMobile\":false,\"className\":\"alignwide\"} -->\n<div class=\"wp-block-media-text alignwide\"><figure class=\"wp-block-media-text__media\"><img loading=\"lazy\" decoding=\"async\" width=\"1000\" height=\"750\" src=\"https:\/\/www.isaaltus.com\/altus\/wp-content\/uploads\/2020\/04\/ANTECEDENTES.jpg\" alt=\"\" class=\"wp-image-392\" title=\"\" srcset=\"https:\/\/www.isaaltus.com\/altus\/wp-content\/uploads\/2020\/04\/ANTECEDENTES.jpg 1000w, https:\/\/www.isaaltus.com\/altus\/wp-content\/uploads\/2020\/04\/ANTECEDENTES-600x450.jpg 600w, https:\/\/www.isaaltus.com\/altus\/wp-content\/uploads\/2020\/04\/ANTECEDENTES-300x225.jpg 300w, https:\/\/www.isaaltus.com\/altus\/wp-content\/uploads\/2020\/04\/ANTECEDENTES-768x576.jpg 768w\" sizes=\"auto, (max-width: 1000px) 100vw, 1000px\" \/><\/figure><div class=\"wp-block-media-text__content\"><!-- wp:paragraph {\"align\":\"center\",\"placeholder\":\"Content\u2026\",\"fontSize\":\"large\"} -->\n<p class=\"has-text-align-center has-large-font-size\"> <strong>Antecedentes<\/strong><\/p>\n<!-- \/wp:paragraph -->\n\n<!-- wp:paragraph -->\n<p>Somos una empresa creada en mayo de 2009, conformada por un equipo profesional con m\u00e1s de treinta a\u00f1os de experiencia en las \u00e1reas&nbsp; de extracci\u00f3n, transporte y almacenamiento de hidrocarburos; as\u00ed como en petroqu\u00edmica y ramo el\u00e9ctrico.<\/p>\n<!-- \/wp:paragraph -->\n\n<!-- wp:paragraph {\"align\":\"center\"} -->\n<p class=\"has-text-align-center\">Nuestra organizaci\u00f3n&nbsp; nace como respuesta a la necesidad de las empresas relacionadas con la ingenier\u00eda, construcci\u00f3n, metalmec\u00e1nica, electromec\u00e1nica, mantenimiento y servicios; de contar con un aliado que facilite sus procesos de ingenier\u00eda y procura, con altos est\u00e1ndares de calidad,&nbsp; capaz de interactuar con los procesos internos de nuestros clientes y&nbsp; de aportar valor&nbsp; para un eficaz, oportuno y racional aprovechamiento de sus recursos.<\/p>\n<!-- \/wp:paragraph --><\/div><\/div>\n<!-- \/wp:media-text -->\n\n<!-- wp:media-text {\"mediaPosition\":\"right\",\"mediaId\":154,\"mediaType\":\"image\",\"isStackedOnMobile\":false,\"className\":\"alignwide\"} -->\n<div class=\"wp-block-media-text alignwide has-media-on-the-right\"><figure class=\"wp-block-media-text__media\"><img loading=\"lazy\" decoding=\"async\" width=\"320\" height=\"409\" src=\"https:\/\/www.isaaltus.com\/altus\/wp-content\/uploads\/2020\/03\/Accenture-Infographic-Short-Image1.jpg\" alt=\"Misi\u00f3n y Visi\u00f3n\" class=\"wp-image-154\" title=\"\" srcset=\"https:\/\/www.isaaltus.com\/altus\/wp-content\/uploads\/2020\/03\/Accenture-Infographic-Short-Image1.jpg 320w, https:\/\/www.isaaltus.com\/altus\/wp-content\/uploads\/2020\/03\/Accenture-Infographic-Short-Image1-235x300.jpg 235w\" sizes=\"auto, (max-width: 320px) 100vw, 320px\" \/><\/figure><div class=\"wp-block-media-text__content\"><!-- wp:paragraph {\"align\":\"center\",\"placeholder\":\"Content\u2026\",\"fontSize\":\"large\"} -->\n<p class=\"has-text-align-center has-large-font-size\">  <strong>Misi\u00f3n \/ Visi\u00f3n<\/strong><\/p>\n<!-- \/wp:paragraph -->\n\n<!-- wp:paragraph {\"align\":\"center\"} -->\n<p class=\"has-text-align-center\"><strong>MISI\u00d3N<\/strong><\/p>\n<!-- \/wp:paragraph -->\n\n<!-- wp:paragraph {\"align\":\"center\"} -->\n<p class=\"has-text-align-center\">Satisfacer la necesidad de dise\u00f1o y desarrollo, insumos y equipos instalables, y servicios, mediante soluciones integrales de procura, instalaci\u00f3n y mantenimiento basados en un sistema global de asistencia t\u00e9cnica, suministros y servicios, que agreguen valor econ\u00f3mico y tecnol\u00f3gico a nuestros clientes y socios comerciales.<\/p>\n<!-- \/wp:paragraph -->\n\n<!-- wp:paragraph -->\n<p><\/p>\n<!-- \/wp:paragraph -->\n\n<!-- wp:paragraph {\"align\":\"center\"} -->\n<p class=\"has-text-align-center\"><strong>VISI\u00d3N<\/strong><\/p>\n<!-- \/wp:paragraph -->\n\n<!-- wp:paragraph {\"align\":\"center\"} -->\n<p class=\"has-text-align-center\">Ser reconocidos como socios eficientes y confiables por nuestros clientes y proveedores.<\/p>\n<!-- \/wp:paragraph --><\/div><\/div>\n<!-- \/wp:media-text -->\n\n<!-- wp:media-text {\"mediaId\":391,\"mediaLink\":\"https:\/\/www.isaaltus.com\/altus\/nosotros\/attachment\/politica\/\",\"mediaType\":\"image\",\"isStackedOnMobile\":false,\"className\":\"alignwide\"} -->\n<div class=\"wp-block-media-text alignwide\"><figure class=\"wp-block-media-text__media\"><img loading=\"lazy\" decoding=\"async\" width=\"585\" height=\"553\" src=\"https:\/\/www.isaaltus.com\/altus\/wp-content\/uploads\/2020\/04\/POL\u00cdTICA.jpg\" alt=\"\" class=\"wp-image-391\" title=\"\" srcset=\"https:\/\/www.isaaltus.com\/altus\/wp-content\/uploads\/2020\/04\/POL\u00cdTICA.jpg 585w, https:\/\/www.isaaltus.com\/altus\/wp-content\/uploads\/2020\/04\/POL\u00cdTICA-300x284.jpg 300w\" sizes=\"auto, (max-width: 585px) 100vw, 585px\" \/><\/figure><div class=\"wp-block-media-text__content\"><!-- wp:paragraph {\"align\":\"center\",\"placeholder\":\"Content\u2026\",\"fontSize\":\"large\"} -->\n<p class=\"has-text-align-center has-large-font-size\"><strong> Pol\u00edtica Integral<\/strong><\/p>\n<!-- \/wp:paragraph -->\n\n<!-- wp:paragraph {\"align\":\"center\"} -->\n<p class=\"has-text-align-center\"><strong>MISI\u00d3N<\/strong><\/p>\n<!-- \/wp:paragraph -->\n\n<!-- wp:paragraph {\"align\":\"center\"} -->\n<p class=\"has-text-align-center\">En ALTUS&nbsp;somos una Organizaci\u00f3n dedicada a la Ingenier\u00eda y Desarrollo, Comercializaci\u00f3n, Fabricaci\u00f3n, Construcci\u00f3n y Mantenimiento para el sector energ\u00e9tico, de servicios, e industria en general, comprometidos a:<\/p>\n<!-- \/wp:paragraph -->\n\n<!-- wp:paragraph {\"align\":\"center\"} -->\n<p class=\"has-text-align-center\"><strong>a)<\/strong> Satisfacer los requisitos de nuestros clientes y las partes interesadas.<\/p>\n<!-- \/wp:paragraph -->\n\n<!-- wp:paragraph {\"align\":\"center\"} -->\n<p class=\"has-text-align-center\"><strong>b)<\/strong> Cumplir los requisitos legales y regulatorios aplicables<\/p>\n<!-- \/wp:paragraph -->\n\n<!-- wp:paragraph {\"align\":\"center\"} -->\n<p class=\"has-text-align-center\"><strong>c)<\/strong> Prevenir la contaminaci\u00f3n y evitando los riesgos de seguridad y Salud Ocupacional.<\/p>\n<!-- \/wp:paragraph -->\n\n<!-- wp:paragraph {\"align\":\"center\"} -->\n<p class=\"has-text-align-center\">d) Cumplir los objetivos y las metas estrat\u00e9gicas y operacionales<\/p>\n<!-- \/wp:paragraph -->\n\n<!-- wp:paragraph {\"align\":\"center\"} -->\n<p class=\"has-text-align-center\">Con un compromiso de agregar valor a nuestros clientes, mediante mejora continua y de trabajo en equipo.<\/p>\n<!-- \/wp:paragraph --><\/div><\/div>\n<!-- \/wp:media-text -->\n\n<!-- wp:media-text {\"mediaPosition\":\"right\",\"mediaId\":390,\"mediaLink\":\"https:\/\/www.isaaltus.com\/altus\/nosotros\/attachment\/pys\/\",\"mediaType\":\"image\",\"isStackedOnMobile\":false,\"className\":\"alignwide\"} -->\n<div class=\"wp-block-media-text alignwide has-media-on-the-right\"><figure class=\"wp-block-media-text__media\"><img loading=\"lazy\" decoding=\"async\" width=\"759\" height=\"672\" src=\"https:\/\/www.isaaltus.com\/altus\/wp-content\/uploads\/2020\/04\/PYS.jpg\" alt=\"\" class=\"wp-image-390\" title=\"\" srcset=\"https:\/\/www.isaaltus.com\/altus\/wp-content\/uploads\/2020\/04\/PYS.jpg 759w, https:\/\/www.isaaltus.com\/altus\/wp-content\/uploads\/2020\/04\/PYS-600x531.jpg 600w, https:\/\/www.isaaltus.com\/altus\/wp-content\/uploads\/2020\/04\/PYS-300x266.jpg 300w\" sizes=\"auto, (max-width: 759px) 100vw, 759px\" \/><\/figure><div class=\"wp-block-media-text__content\"><!-- wp:paragraph {\"align\":\"center\",\"placeholder\":\"Content\u2026\",\"fontSize\":\"large\"} -->\n<p class=\"has-text-align-center has-large-font-size\"><strong>Productos y Servicios<\/strong><\/p>\n<!-- \/wp:paragraph -->\n\n<!-- wp:paragraph {\"align\":\"center\"} -->\n<p class=\"has-text-align-center\">\u2022Proveemos soluciones para proyectos integrales a la medida del cliente.<\/p>\n<!-- \/wp:paragraph -->\n\n<!-- wp:paragraph {\"align\":\"center\"} -->\n<p class=\"has-text-align-center\">\u2022Proporcionar productos y servicios que agreguen&nbsp; valor&nbsp; a las operaciones del cliente, reduciendo sus costos de procura y operaci\u00f3n.<\/p>\n<!-- \/wp:paragraph -->\n\n<!-- wp:paragraph {\"align\":\"center\"} -->\n<p class=\"has-text-align-center\">\u2022Proveemos paquetes completos de proveedur\u00eda como estrategia para licitaciones y proyectos.<\/p>\n<!-- \/wp:paragraph -->\n\n<!-- wp:paragraph -->\n<p><\/p>\n<!-- \/wp:paragraph -->\n\n<!-- wp:paragraph {\"align\":\"center\"} -->\n<p class=\"has-text-align-center\"><strong>ALTUS ofrece los siguientes servicios y productos de valor agregado, brindando soluciones integrales a nuestros clientes:<\/strong><\/p>\n<!-- \/wp:paragraph --><\/div><\/div>\n<!-- \/wp:media-text -->\t\t\t\t\t\t<\/div>\n\t\t\t\t<\/div>\n\t\t\t\t\t<\/div>\n\t\t<\/div>\n\t\t\t\t\t\t\t<\/div>\n\t\t<\/section>\n\t\t\t\t<section class=\"elementor-section elementor-top-section elementor-element elementor-element-4b02d38 elementor-section-boxed elementor-section-height-default elementor-section-height-default\" data-id=\"4b02d38\" data-element_type=\"section\">\n\t\t\t\t\t\t<div class=\"elementor-container elementor-column-gap-default\">\n\t\t\t\t\t<div class=\"elementor-column elementor-col-100 elementor-top-column elementor-element elementor-element-baf1723\" data-id=\"baf1723\" data-element_type=\"column\">\n\t\t\t<div class=\"elementor-widget-wrap\">\n\t\t\t\t\t\t\t\t\t<\/div>\n\t\t<\/div>\n\t\t\t\t\t\t\t<\/div>\n\t\t<\/section>\n\t\t\t\t<section class=\"elementor-section elementor-top-section elementor-element elementor-element-e49459b elementor-section-boxed elementor-section-height-default elementor-section-height-default\" data-id=\"e49459b\" data-element_type=\"section\">\n\t\t\t\t\t\t<div class=\"elementor-container elementor-column-gap-default\">\n\t\t\t\t\t<div class=\"elementor-column elementor-col-100 elementor-top-column elementor-element elementor-element-57b6426\" data-id=\"57b6426\" data-element_type=\"column\">\n\t\t\t<div class=\"elementor-widget-wrap elementor-element-populated\">\n\t\t\t\t\t\t\t\t<div class=\"elementor-element elementor-element-c84835b elementor-widget elementor-widget-heading\" data-id=\"c84835b\" data-element_type=\"widget\" data-widget_type=\"heading.default\">\n\t\t\t\t<div class=\"elementor-widget-container\">\n\t\t\t<h2 class=\"elementor-heading-title elementor-size-default\">Nuestros Clientes<\/h2>\t\t<\/div>\n\t\t\t\t<\/div>\n\t\t\t\t\t<\/div>\n\t\t<\/div>\n\t\t\t\t\t\t\t<\/div>\n\t\t<\/section>\n\t\t\t\t<section class=\"elementor-section elementor-top-section elementor-element elementor-element-018125a elementor-section-boxed elementor-section-height-default elementor-section-height-default\" data-id=\"018125a\" data-element_type=\"section\">\n\t\t\t\t\t\t<div class=\"elementor-container elementor-column-gap-default\">\n\t\t\t\t\t<div class=\"elementor-column elementor-col-100 elementor-top-column elementor-element elementor-element-c80b4e0\" data-id=\"c80b4e0\" data-element_type=\"column\">\n\t\t\t<div class=\"elementor-widget-wrap elementor-element-populated\">\n\t\t\t\t\t\t\t\t<div class=\"elementor-element elementor-element-883de06 elementor-widget elementor-widget-text-editor\" data-id=\"883de06\" data-element_type=\"widget\" data-widget_type=\"text-editor.default\">\n\t\t\t\t<div class=\"elementor-widget-container\">\n\t\t\t\t\t\t\t<div class=\"wp-block-columns alignfull\">\n    <div class=\"wp-block-column\">\n        <figure class=\"aligncenter\">\n            <img decoding=\"async\" class=\"wp-image-363\" src=\"https:\/\/www.isaaltus.com\/altus\/wp-content\/uploads\/2025\/07\/pemex-logo.png\" alt=\"\" style=\" height:auto;\" title=\"\">\n        <\/figure>\n    <\/div>\n    <div class=\"wp-block-column\">\n        <figure class=\"wp-block-image alignwide\">\n            <img decoding=\"async\" class=\"wp-image-364\" src=\"https:\/\/www.isaaltus.com\/altus\/wp-content\/uploads\/2025\/07\/ngk-logo.png\" alt=\"\" style=\" height:auto;\" title=\"\">\n        <\/figure>\n    <\/div>\n    <div class=\"wp-block-column\">\n        <figure class=\"aligncenter\">\n            <img decoding=\"async\" class=\"wp-image-363\" src=\"https:\/\/www.isaaltus.com\/altus\/wp-content\/uploads\/2025\/07\/t-logo.png\" alt=\"\" style=\" height:auto;\" title=\"\">\n        <\/figure>\n    <\/div>\n<\/div>\n\n<div class=\"wp-block-columns alignfull\">\n    <div class=\"wp-block-column\">\n        <figure class=\"wp-block-image alignwide\">\n            <img decoding=\"async\" class=\"wp-image-364\" src=\"https:\/\/www.isaaltus.com\/altus\/wp-content\/uploads\/2025\/07\/xiaomi-logo.png\" alt=\"\" style=\"height:auto;\" title=\"\">\n        <\/figure>\n    <\/div>\n    <div class=\"wp-block-column\">\n        <figure class=\"aligncenter\">\n            <img decoding=\"async\" class=\"wp-image-363\" src=\"https:\/\/www.isaaltus.com\/altus\/wp-content\/uploads\/2025\/07\/kcsm-logo.png\" alt=\"\" style=\"height:auto;\" title=\"\">\n        <\/figure>\n    <\/div>\n    <div class=\"wp-block-column\">\n        <figure class=\"wp-block-image alignwide\">\n            <img decoding=\"async\" class=\"wp-image-364\" src=\"https:\/\/www.isaaltus.com\/altus\/wp-content\/uploads\/2025\/07\/transcanada-logo.png\" alt=\"\" style=\" height:auto;\" title=\"\">\n        <\/figure>\n    <\/div>\n<\/div>\n\n<div class=\"wp-block-columns alignfull\">\n    <div class=\"wp-block-column\">\n        <figure class=\"aligncenter\">\n            <img decoding=\"async\" class=\"wp-image-363\" src=\"https:\/\/www.isaaltus.com\/altus\/wp-content\/uploads\/2025\/07\/grupomexico-logo.png\" alt=\"\" style=\"height:auto;\" title=\"\">\n        <\/figure>\n    <\/div>\n    <div class=\"wp-block-column\">\n        <figure class=\"wp-block-image alignwide\">\n            <img decoding=\"async\" class=\"wp-image-364\" src=\"https:\/\/www.isaaltus.com\/altus\/wp-content\/uploads\/2025\/07\/dragadosoffshore-logo.png\" alt=\"\" style=\" height:auto;\" title=\"\">\n        <\/figure>\n    <\/div>\n    <div class=\"wp-block-column\">\n        <\/div>\n<\/div>\t\t\t\t\t\t<\/div>\n\t\t\t\t<\/div>\n\t\t\t\t\t<\/div>\n\t\t<\/div>\n\t\t\t\t\t\t\t<\/div>\n\t\t<\/section>\n\t\t\t\t\t\t\t<\/div>\n\t\t","protected":false},"excerpt":{"rendered":"<p>Antecedentes Somos una empresa creada en mayo de 2009, conformada por un equipo profesional con m\u00e1s de treinta a\u00f1os de experiencia en las \u00e1reas&nbsp; de extracci\u00f3n, transporte y almacenamiento de &#8230;<\/p>\n","protected":false},"author":1,"featured_media":0,"parent":0,"menu_order":0,"comment_status":"closed","ping_status":"closed","template":"","meta":{"footnotes":""},"class_list":["post-130","page","type-page","status-publish","hentry"],"_links":{"self":[{"href":"https:\/\/www.isaaltus.com\/altus\/wp-json\/wp\/v2\/pages\/130","targetHints":{"allow":["GET"]}}],"collection":[{"href":"https:\/\/www.isaaltus.com\/altus\/wp-json\/wp\/v2\/pages"}],"about":[{"href":"https:\/\/www.isaaltus.com\/altus\/wp-json\/wp\/v2\/types\/page"}],"author":[{"embeddable":true,"href":"https:\/\/www.isaaltus.com\/altus\/wp-json\/wp\/v2\/users\/1"}],"replies":[{"embeddable":true,"href":"https:\/\/www.isaaltus.com\/altus\/wp-json\/wp\/v2\/comments?post=130"}],"version-history":[{"count":13,"href":"https:\/\/www.isaaltus.com\/altus\/wp-json\/wp\/v2\/pages\/130\/revisions"}],"predecessor-version":[{"id":903,"href":"https:\/\/www.isaaltus.com\/altus\/wp-json\/wp\/v2\/pages\/130\/revisions\/903"}],"wp:attachment":[{"href":"https:\/\/www.isaaltus.com\/altus\/wp-json\/wp\/v2\/media?parent=130"}],"curies":[{"name":"wp","href":"https:\/\/api.w.org\/{rel}","templated":true}]}}